{"id":22267,"date":"2024-05-27T10:18:26","date_gmt":"2024-05-27T09:18:26","guid":{"rendered":"https:\/\/fallas.com\/perfil-de-contractant\/"},"modified":"2024-06-26T10:04:03","modified_gmt":"2024-06-26T09:04:03","slug":"perfil-de-contractant","status":"publish","type":"page","link":"https:\/\/fallas.com\/va\/perfil-de-contractant\/","title":{"rendered":"Perfil de contractant"},"content":{"rendered":"[vc_row type=&#8221;in_container&#8221; full_screen_row_position=&#8221;middle&#8221; column_margin=&#8221;default&#8221; column_direction=&#8221;default&#8221; column_direction_tablet=&#8221;default&#8221; column_direction_phone=&#8221;default&#8221; scene_position=&#8221;center&#8221; text_color=&#8221;dark&#8221; text_align=&#8221;left&#8221; row_border_radius=&#8221;none&#8221; row_border_radius_applies=&#8221;bg&#8221; overflow=&#8221;visible&#8221; overlay_strength=&#8221;0.3&#8243; gradient_direction=&#8221;left_to_right&#8221; shape_divider_position=&#8221;bottom&#8221; bg_image_animation=&#8221;none&#8221;][vc_column column_padding=&#8221;no-extra-padding&#8221; column_padding_tablet=&#8221;inherit&#8221; column_padding_phone=&#8221;inherit&#8221; column_padding_position=&#8221;all&#8221; column_element_direction_desktop=&#8221;default&#8221; column_element_spacing=&#8221;default&#8221; desktop_text_alignment=&#8221;default&#8221; tablet_text_alignment=&#8221;default&#8221; phone_text_alignment=&#8221;default&#8221; background_color_opacity=&#8221;1&#8243; background_hover_color_opacity=&#8221;1&#8243; column_backdrop_filter=&#8221;none&#8221; column_shadow=&#8221;none&#8221; column_border_radius=&#8221;none&#8221; column_link_target=&#8221;_self&#8221; column_position=&#8221;default&#8221; gradient_direction=&#8221;left_to_right&#8221; overlay_strength=&#8221;0.3&#8243; width=&#8221;1\/1&#8243; tablet_width_inherit=&#8221;default&#8221; animation_type=&#8221;default&#8221; bg_image_animation=&#8221;none&#8221; border_type=&#8221;simple&#8221; column_border_width=&#8221;none&#8221; column_border_style=&#8221;solid&#8221;][vc_column_text css=&#8221;&#8221; text_direction=&#8221;default&#8221;]El\u00a0<strong>\u201cPerfil del Contractant\u201d<\/strong>\u00a0\u00e9s el lloc de la p\u00e0gina web de Junta Central Fallera en qu\u00e8 es publica la informaci\u00f3 relativa a la contractaci\u00f3 administrativa, com ara els anuncis de licitaci\u00f3, les adjudicacions provisionals i definitives i els plecs de contractaci\u00f3. Est\u00e0 regulat en l&#8217;article 63 de la Llei de 9\/2017, de 8 de novembre, de Contractes del Sector P\u00fablic, i compta amb un dispositiu inform\u00e0tic que garanteix de manera fefaent la data i hora d\u2019inici de publicaci\u00f3 en el lloc web.<\/p>\n<ul>\n<li><a href=\"https:\/\/web.archive.org\/web\/20210422165850\/http:\/contrataciondelestado.es\/wps\/portal\/!ut\/p\/b0\/DcoxCoAwDEDRI0VwExzEAwiiVLPFWku0TUuJnt9u_8EHhA1Q6GNPykkoVO-nczmwPF125eIwJtFCSqIODCDge7AlW_epeJLasNvVLA3f3M6-hxzj8AMDPAQZ\/\">Plataforma de Contrataci\u00f3 del Sector P\u00fablic<\/a>. La Plataforma de Contractaci\u00f3 del Sector P\u00fablic permet consultar les licitacions publicades en els perfils del contractant allotjats en la mateixa, i tamb\u00e9 les d\u2019altres organismes p\u00fablics que utilitzen altres plataformes de contractaci\u00f3 per\u00f2 que publiquen les convocat\u00f2ries de licitacions i els seus resultats per mitj\u00e0 de mecanismes d\u2019agregaci\u00f3.<\/li>\n<li><a href=\"https:\/\/web.archive.org\/web\/20210422165850\/http:\/www.valencia.es\/contratacion\/xpdc_deportiva.nsf\/fCategoriaVistaExpedientes?ReadForm&amp;Vista=vLicitaciones_encurso&amp;Categoria=Servicio%20de%20Contrataci%F3n&amp;titulo=Licitaciones%20en%20curso&amp;lang=1&amp;nivel=1&amp;seccion=2\">Perfil del Contractant<\/a><\/li>\n<\/ul>\n<p>9\/2017, de 8 de noviembre, de Contratos del Sector P\u00fablico[\/vc_column_text][\/vc_column][\/vc_row]\n","protected":false},"excerpt":{"rendered":"<p>[vc_row type=&#8221;in_container&#8221; full_screen_row_position=&#8221;middle&#8221; column_margin=&#8221;default&#8221; column_direction=&#8221;default&#8221; column_direction_tablet=&#8221;default&#8221; column_direction_phone=&#8221;default&#8221; scene_position=&#8221;center&#8221; text_color=&#8221;dark&#8221; text_align=&#8221;left&#8221; row_border_radius=&#8221;none&#8221; row_border_radius_applies=&#8221;bg&#8221; overflow=&#8221;visible&#8221; overlay_strength=&#8221;0.3&#8243; gradient_direction=&#8221;left_to_right&#8221; shape_divider_position=&#8221;bottom&#8221; bg_image_animation=&#8221;none&#8221;][vc_column column_padding=&#8221;no-extra-padding&#8221; column_padding_tablet=&#8221;inherit&#8221; column_padding_phone=&#8221;inherit&#8221; column_padding_position=&#8221;all&#8221; column_element_direction_desktop=&#8221;default&#8221; column_element_spacing=&#8221;default&#8221; desktop_text_alignment=&#8221;default&#8221; tablet_text_alignment=&#8221;default&#8221; phone_text_alignment=&#8221;default&#8221; background_color_opacity=&#8221;1&#8243; background_hover_color_opacity=&#8221;1&#8243; column_backdrop_filter=&#8221;none&#8221; column_shadow=&#8221;none&#8221;&#8230;<\/p>\n","protected":false},"author":2,"featured_media":0,"parent":0,"menu_order":0,"comment_status":"closed","ping_status":"closed","template":"","meta":{"footnotes":""},"class_list":["post-22267","page","type-page","status-publish"],"_links":{"self":[{"href":"https:\/\/fallas.com\/va\/wp-json\/wp\/v2\/pages\/22267","targetHints":{"allow":["GET"]}}],"collection":[{"href":"https:\/\/fallas.com\/va\/wp-json\/wp\/v2\/pages"}],"about":[{"href":"https:\/\/fallas.com\/va\/wp-json\/wp\/v2\/types\/page"}],"author":[{"embeddable":true,"href":"https:\/\/fallas.com\/va\/wp-json\/wp\/v2\/users\/2"}],"replies":[{"embeddable":true,"href":"https:\/\/fallas.com\/va\/wp-json\/wp\/v2\/comments?post=22267"}],"version-history":[{"count":0,"href":"https:\/\/fallas.com\/va\/wp-json\/wp\/v2\/pages\/22267\/revisions"}],"wp:attachment":[{"href":"https:\/\/fallas.com\/va\/wp-json\/wp\/v2\/media?parent=22267"}],"curies":[{"name":"wp","href":"https:\/\/api.w.org\/{rel}","templated":true}]}}