{"id":22272,"date":"2024-05-27T14:38:51","date_gmt":"2024-05-27T13:38:51","guid":{"rendered":"https:\/\/fallas.com\/qui-som\/"},"modified":"2024-06-28T12:36:15","modified_gmt":"2024-06-28T11:36:15","slug":"qui-som","status":"publish","type":"page","link":"https:\/\/fallas.com\/va\/qui-som\/","title":{"rendered":"Qui som?"},"content":{"rendered":"[vc_row type=&#8221;in_container&#8221; full_screen_row_position=&#8221;middle&#8221; column_margin=&#8221;default&#8221; column_direction=&#8221;default&#8221; column_direction_tablet=&#8221;default&#8221; column_direction_phone=&#8221;default&#8221; scene_position=&#8221;center&#8221; text_color=&#8221;dark&#8221; text_align=&#8221;left&#8221; row_border_radius=&#8221;none&#8221; row_border_radius_applies=&#8221;bg&#8221; overflow=&#8221;visible&#8221; overlay_strength=&#8221;0.3&#8243; gradient_direction=&#8221;left_to_right&#8221; shape_divider_position=&#8221;bottom&#8221; bg_image_animation=&#8221;none&#8221;][vc_column column_padding=&#8221;no-extra-padding&#8221; column_padding_tablet=&#8221;inherit&#8221; column_padding_phone=&#8221;inherit&#8221; column_padding_position=&#8221;all&#8221; column_element_direction_desktop=&#8221;default&#8221; column_element_spacing=&#8221;default&#8221; desktop_text_alignment=&#8221;default&#8221; tablet_text_alignment=&#8221;default&#8221; phone_text_alignment=&#8221;default&#8221; background_color_opacity=&#8221;1&#8243; background_hover_color_opacity=&#8221;1&#8243; column_backdrop_filter=&#8221;none&#8221; column_shadow=&#8221;none&#8221; column_border_radius=&#8221;none&#8221; column_link_target=&#8221;_self&#8221; column_position=&#8221;default&#8221; gradient_direction=&#8221;left_to_right&#8221; overlay_strength=&#8221;0.3&#8243; width=&#8221;1\/1&#8243; tablet_width_inherit=&#8221;default&#8221; animation_type=&#8221;default&#8221; bg_image_animation=&#8221;none&#8221; border_type=&#8221;simple&#8221; column_border_width=&#8221;none&#8221; column_border_style=&#8221;solid&#8221;][heading]Qui som?[\/heading][\/vc_column][\/vc_row][vc_row type=&#8221;in_container&#8221; full_screen_row_position=&#8221;middle&#8221; column_margin=&#8221;default&#8221; column_direction=&#8221;default&#8221; column_direction_tablet=&#8221;default&#8221; column_direction_phone=&#8221;default&#8221; scene_position=&#8221;center&#8221; text_color=&#8221;dark&#8221; text_align=&#8221;left&#8221; row_border_radius=&#8221;none&#8221; row_border_radius_applies=&#8221;bg&#8221; overflow=&#8221;visible&#8221; overlay_strength=&#8221;0.3&#8243; gradient_direction=&#8221;left_to_right&#8221; shape_divider_position=&#8221;bottom&#8221; bg_image_animation=&#8221;none&#8221;][vc_column column_padding=&#8221;no-extra-padding&#8221; column_padding_tablet=&#8221;inherit&#8221; column_padding_phone=&#8221;inherit&#8221; column_padding_position=&#8221;all&#8221; column_element_direction_desktop=&#8221;default&#8221; column_element_spacing=&#8221;default&#8221; desktop_text_alignment=&#8221;default&#8221; tablet_text_alignment=&#8221;default&#8221; phone_text_alignment=&#8221;default&#8221; background_color_opacity=&#8221;1&#8243; background_hover_color_opacity=&#8221;1&#8243; column_backdrop_filter=&#8221;none&#8221; column_shadow=&#8221;none&#8221; column_border_radius=&#8221;none&#8221; column_link_target=&#8221;_self&#8221; column_position=&#8221;default&#8221; gradient_direction=&#8221;left_to_right&#8221; overlay_strength=&#8221;0.3&#8243; width=&#8221;2\/3&#8243; tablet_width_inherit=&#8221;default&#8221; animation_type=&#8221;default&#8221; bg_image_animation=&#8221;none&#8221; border_type=&#8221;simple&#8221; column_border_width=&#8221;none&#8221; column_border_style=&#8221;solid&#8221;][vc_column_text css=&#8221;&#8221; text_direction=&#8221;default&#8221;]\nL&#8217;Organisme Aut\u00f2nom Junta Central Fallera \u00e9s una entitat de dret p\u00fablic de naturalesa institucional, creada per l&#8217;Ajuntament de Val\u00e8ncia, de qui dep\u00e9n, en 1939, substituint al Comit\u00e9 Central Faller de 1928.<\/p>\n<p>Este Organisme Aut\u00f2nom \u00e9s una entitat de dret p\u00fablic de naturalesa institucional, que dep\u00e9n de l&#8217;Ajuntament de Val\u00e8ncia. T\u00e9 car\u00e0cter administratiu a l&#8217;efecte de r\u00e8gim pressupostari i comptable, gaudix de personalitat jur\u00eddica p\u00fablica diferenciada per al compliment dels seus fins i autonomia de gesti\u00f3, sense perju\u00ed de les facultats de tutela que exercisca l&#8217;Ajuntament de Val\u00e8ncia, regint-se pel Reglament Faller, el reglament de R\u00e8gim Intern i per l&#8217;ordenament jur\u00eddic administratiu de les Entitats Locals.<\/p>\n<p>Junta Central Fallera \u00e9s el m\u00e0xim organisme de representaci\u00f3 de les falles a Val\u00e8ncia i regula i coordina la festa de les falles a la ciutat. De l&#8217;entitat depenen les comissions falleres de la capital valenciana i poblacions adherides.<\/p>\n<p>Els fins de Junta Central Fallera, amb car\u00e0cter enunciatiu, seran els seg\u00fcents:<br \/>\n[\/vc_column_text][\/vc_column][vc_column column_padding=&#8221;no-extra-padding&#8221; column_padding_tablet=&#8221;inherit&#8221; column_padding_phone=&#8221;inherit&#8221; column_padding_position=&#8221;all&#8221; column_element_direction_desktop=&#8221;default&#8221; column_element_spacing=&#8221;default&#8221; desktop_text_alignment=&#8221;center&#8221; tablet_text_alignment=&#8221;default&#8221; phone_text_alignment=&#8221;default&#8221; background_color_opacity=&#8221;1&#8243; background_hover_color_opacity=&#8221;1&#8243; column_backdrop_filter=&#8221;none&#8221; column_shadow=&#8221;none&#8221; column_border_radius=&#8221;none&#8221; column_link_target=&#8221;_self&#8221; column_position=&#8221;default&#8221; gradient_direction=&#8221;left_to_right&#8221; overlay_strength=&#8221;0.3&#8243; width=&#8221;1\/3&#8243; tablet_width_inherit=&#8221;default&#8221; animation_type=&#8221;default&#8221; bg_image_animation=&#8221;none&#8221; border_type=&#8221;simple&#8221; column_border_width=&#8221;none&#8221; column_border_style=&#8221;solid&#8221; column_padding_type=&#8221;default&#8221; gradient_type=&#8221;default&#8221;][image_with_animation image_url=&#8221;6916&#8243; image_size=&#8221;full&#8221; animation_type=&#8221;entrance&#8221; animation=&#8221;None&#8221; animation_movement_type=&#8221;transform_y&#8221; hover_animation=&#8221;none&#8221; alignment=&#8221;&#8221; border_radius=&#8221;none&#8221; box_shadow=&#8221;none&#8221; image_loading=&#8221;default&#8221; max_width=&#8221;100%&#8221; max_width_mobile=&#8221;default&#8221;][\/vc_column][\/vc_row][vc_row type=&#8221;in_container&#8221; full_screen_row_position=&#8221;middle&#8221; column_margin=&#8221;default&#8221; column_direction=&#8221;default&#8221; column_direction_tablet=&#8221;default&#8221; column_direction_phone=&#8221;default&#8221; scene_position=&#8221;center&#8221; text_color=&#8221;dark&#8221; text_align=&#8221;left&#8221; row_border_radius=&#8221;none&#8221; row_border_radius_applies=&#8221;bg&#8221; overflow=&#8221;visible&#8221; overlay_strength=&#8221;0.3&#8243; gradient_direction=&#8221;left_to_right&#8221; shape_divider_position=&#8221;bottom&#8221; bg_image_animation=&#8221;none&#8221;][vc_column column_padding=&#8221;no-extra-padding&#8221; column_padding_tablet=&#8221;inherit&#8221; column_padding_phone=&#8221;inherit&#8221; column_padding_position=&#8221;all&#8221; column_element_direction_desktop=&#8221;default&#8221; column_element_spacing=&#8221;default&#8221; desktop_text_alignment=&#8221;default&#8221; tablet_text_alignment=&#8221;default&#8221; phone_text_alignment=&#8221;default&#8221; background_color_opacity=&#8221;1&#8243; background_hover_color_opacity=&#8221;1&#8243; column_backdrop_filter=&#8221;none&#8221; column_shadow=&#8221;none&#8221; column_border_radius=&#8221;none&#8221; column_link_target=&#8221;_self&#8221; column_position=&#8221;default&#8221; gradient_direction=&#8221;left_to_right&#8221; overlay_strength=&#8221;0.3&#8243; width=&#8221;1\/1&#8243; tablet_width_inherit=&#8221;default&#8221; animation_type=&#8221;default&#8221; bg_image_animation=&#8221;none&#8221; border_type=&#8221;simple&#8221; column_border_width=&#8221;none&#8221; column_border_style=&#8221;solid&#8221;]<div class=\"nectar-fancy-ul\" data-list-icon=\"fa fa-dot-circle-o\" data-animation=\"false\" data-animation-delay=\"0\" data-color=\"accent-color\" data-spacing=\"default\" data-alignment=\"left\"> \n<ul>\n<li>Proposar, organitzar i vetlar pel correcte desenvolupament dels festejos i activitats que comprometen al conjunt de les comissions falleres, aix\u00ed com la cooperaci\u00f3 amb les institucions i la resta d&#8217;organismes p\u00fablics o privats amb vista al major \u00e8xit, difusi\u00f3 i prestigi de les Falles de la ciutat de Val\u00e8ncia.<\/li>\n<li>Proposar, programar, organitzar, coordinar i vetlar pel desenvolupament de les activitats pr\u00f2pies de la festa de les Falles dins del marc de les disponibilitats econ\u00f2miques de l&#8217;organisme, aix\u00ed com estr\u00e9nyer els lla\u00e7os de cordialitat i harmonia entre les diferents comissions falleres de la ciutat de Val\u00e8ncia.<\/li>\n<li>Estudiar i resoldre, si \u00e9s el cas, qualsevol q\u00fcesti\u00f3 d&#8217;\u00edndole general, que pogueren interessar a les comissions falleres, actuant d&#8217;ofici, si procedira, a fi d&#8217;evitar qualsevol infracci\u00f3 o conducta negligent que poguera cometre&#8217;s per una comissi\u00f3 de Falla<\/li>\n<li>Promoure i fomentar el desenvolupament de les tradicions i cultures valencianes i, per tant, custodiar, conservar i organitzar els arxius hist\u00f2rics, documentals i art\u00edstics de la Junta Central Fallera i de les diferents comissions de Falla.<\/li>\n<li>Intervindre i inspeccionar, aix\u00ed com fiscalitzar i tutelar la comptabilitat de les comissions de Falla, en els casos en qu\u00e8 fora necessari.<\/li>\n<li>Fomentar i promoure, en tots els \u00e0mbits de la seua actuaci\u00f3, l&#8217;\u00fas de la llengua valenciana.<\/li>\n<li>Crear, reafirmar i mantindre el prestigi de la imatge del nom Junta Central Fallera.<\/li>\n<li>Instar les autoritats i organismes competents la tramitaci\u00f3 d&#8217;ajudes i concerts econ\u00f2mics per al finan\u00e7ament d&#8217;activitats i programes relacionats amb la festa de les Falles, aix\u00ed com acordar la manera de gestionar qualsevol subvenci\u00f3 econ\u00f2mica que es reba.<br \/>\nAix\u00ed mateix, Junta Central Fallera, podr\u00e0 proposar l&#8217;organitzaci\u00f3 i desenvolupament de quantes funcions, servicis o gestions siguen d&#8217;inter\u00e9s general per a la festa de les Falles de la ciutat de Val\u00e8ncia.<\/li>\n<li>Subscriure els convenis de col\u00b7laboraci\u00f3 amb les Juntes Locals, degudament constitu\u00efdes i amb les comissions de Falla de localitats que no estiguen conformades com a tals, a fi de fomentar les relacions d&#8217;inter\u00e9s mutu i a l&#8217;efecte d&#8217;assessorament, jurats o qualsevol activitat pr\u00f2pia de la festa fallera d&#8217;inter\u00e9s com\u00fa.<\/li>\n<\/ul>\n <\/div>[\/vc_column][\/vc_row]\n","protected":false},"excerpt":{"rendered":"<p>[vc_row type=&#8221;in_container&#8221; full_screen_row_position=&#8221;middle&#8221; column_margin=&#8221;default&#8221; column_direction=&#8221;default&#8221; column_direction_tablet=&#8221;default&#8221; column_direction_phone=&#8221;default&#8221; scene_position=&#8221;center&#8221; text_color=&#8221;dark&#8221; text_align=&#8221;left&#8221; row_border_radius=&#8221;none&#8221; row_border_radius_applies=&#8221;bg&#8221; overflow=&#8221;visible&#8221; overlay_strength=&#8221;0.3&#8243; gradient_direction=&#8221;left_to_right&#8221; shape_divider_position=&#8221;bottom&#8221; bg_image_animation=&#8221;none&#8221;][vc_column column_padding=&#8221;no-extra-padding&#8221; column_padding_tablet=&#8221;inherit&#8221; column_padding_phone=&#8221;inherit&#8221; column_padding_position=&#8221;all&#8221; column_element_direction_desktop=&#8221;default&#8221; column_element_spacing=&#8221;default&#8221; desktop_text_alignment=&#8221;default&#8221; tablet_text_alignment=&#8221;default&#8221; phone_text_alignment=&#8221;default&#8221; background_color_opacity=&#8221;1&#8243; background_hover_color_opacity=&#8221;1&#8243; column_backdrop_filter=&#8221;none&#8221; column_shadow=&#8221;none&#8221;&#8230;<\/p>\n","protected":false},"author":2,"featured_media":0,"parent":0,"menu_order":0,"comment_status":"closed","ping_status":"closed","template":"","meta":{"footnotes":""},"class_list":["post-22272","page","type-page","status-publish"],"_links":{"self":[{"href":"https:\/\/fallas.com\/va\/wp-json\/wp\/v2\/pages\/22272","targetHints":{"allow":["GET"]}}],"collection":[{"href":"https:\/\/fallas.com\/va\/wp-json\/wp\/v2\/pages"}],"about":[{"href":"https:\/\/fallas.com\/va\/wp-json\/wp\/v2\/types\/page"}],"author":[{"embeddable":true,"href":"https:\/\/fallas.com\/va\/wp-json\/wp\/v2\/users\/2"}],"replies":[{"embeddable":true,"href":"https:\/\/fallas.com\/va\/wp-json\/wp\/v2\/comments?post=22272"}],"version-history":[{"count":0,"href":"https:\/\/fallas.com\/va\/wp-json\/wp\/v2\/pages\/22272\/revisions"}],"wp:attachment":[{"href":"https:\/\/fallas.com\/va\/wp-json\/wp\/v2\/media?parent=22272"}],"curies":[{"name":"wp","href":"https:\/\/api.w.org\/{rel}","templated":true}]}}