{"id":22276,"date":"2024-05-27T10:19:06","date_gmt":"2024-05-27T09:19:06","guid":{"rendered":"https:\/\/fallas.com\/contractes-menors\/"},"modified":"2024-06-26T10:08:48","modified_gmt":"2024-06-26T09:08:48","slug":"contractes-menors","status":"publish","type":"page","link":"https:\/\/fallas.com\/va\/contractes-menors\/","title":{"rendered":"Contractes menors"},"content":{"rendered":"[vc_row type=&#8221;in_container&#8221; full_screen_row_position=&#8221;middle&#8221; column_margin=&#8221;default&#8221; column_direction=&#8221;default&#8221; column_direction_tablet=&#8221;default&#8221; column_direction_phone=&#8221;default&#8221; scene_position=&#8221;center&#8221; text_color=&#8221;dark&#8221; text_align=&#8221;left&#8221; row_border_radius=&#8221;none&#8221; row_border_radius_applies=&#8221;bg&#8221; overflow=&#8221;visible&#8221; overlay_strength=&#8221;0.3&#8243; gradient_direction=&#8221;left_to_right&#8221; shape_divider_position=&#8221;bottom&#8221; bg_image_animation=&#8221;none&#8221;][vc_column column_padding=&#8221;no-extra-padding&#8221; column_padding_tablet=&#8221;inherit&#8221; column_padding_phone=&#8221;inherit&#8221; column_padding_position=&#8221;all&#8221; column_element_direction_desktop=&#8221;default&#8221; column_element_spacing=&#8221;default&#8221; desktop_text_alignment=&#8221;default&#8221; tablet_text_alignment=&#8221;default&#8221; phone_text_alignment=&#8221;default&#8221; background_color_opacity=&#8221;1&#8243; background_hover_color_opacity=&#8221;1&#8243; column_backdrop_filter=&#8221;none&#8221; column_shadow=&#8221;none&#8221; column_border_radius=&#8221;none&#8221; column_link_target=&#8221;_self&#8221; column_position=&#8221;default&#8221; gradient_direction=&#8221;left_to_right&#8221; overlay_strength=&#8221;0.3&#8243; width=&#8221;1\/1&#8243; tablet_width_inherit=&#8221;default&#8221; animation_type=&#8221;default&#8221; bg_image_animation=&#8221;none&#8221; border_type=&#8221;simple&#8221; column_border_width=&#8221;none&#8221; column_border_style=&#8221;solid&#8221;][vc_column_text css=&#8221;&#8221; text_direction=&#8221;default&#8221;]El funcionament d\u2019esta secci\u00f3 \u00e9s senzill. L\u2019Organisme Aut\u00f2nom Junta Central Fallera forma part del sector p\u00fablic i celebra contractes menors amb empresaris o professionals amb capacitat d\u2019obrar i que compten amb l\u2019habilitaci\u00f3 professional necess\u00e0ria per a realitzar la prestaci\u00f3.<\/p>\n<p>Quan Junta Central Fallera tinga la necessitat de realitzar un contracte menor, publicar\u00e0 un anunci en esta secci\u00f3, que contindr\u00e0 una descripci\u00f3 de l\u2019objecte del contracte, el gasto m\u00e0xim del mateix, termini de presentaci\u00f3 d\u2019ofertes, aix\u00ed com un correu electr\u00f2nic de contacte, de tal manera que els prove\u00efdors interessats puguen presentar les seues propostes i optar a ser seleccionats en l\u2019adjudicaci\u00f3 del contracte menor.<\/p>\n<p>Una vegada que haja sigut adjudicat a una empresa o professional, es publicar\u00e0 en l\u2019apartat \u201cContractes finalitzats\u201d de la secci\u00f3, l\u2019Anunci de la Resoluci\u00f3 de l\u2019adjudicaci\u00f3.<\/p>\n<p>Cal tindre en compte que s\u00f3n\u00a0<strong>contractes menors<\/strong>\u00a0aquells, l\u2019import dels quals, excl\u00f2s l\u2019IVA, siga inferior a 40.000,00 \u20ac quan es tracte d\u2019obres, o a 15.000,00 \u20ac, quan es tracte d\u2019altres contractes i que tinguen una duraci\u00f3 no superior a un any, sense possibilitat de cap pr\u00f2rroga.<\/p>\n<p>A m\u00e9s, cal recordar que segons l\u2019article 118 de la Llei 9\/2017 de 8 de novembre de Contractes del Sector P\u00fablic no es podran subscriure contractes menors amb un mateix contractista per un import superior a les xifres indicades en l\u2019anterior par\u00e0graf per cada tipus de contracte, i en tant existisca un criteri interpretatiu pels \u00f2rgans consultius o jurisdiccionals competents, l\u2019any s\u2019entendr\u00e0 referit a l\u2019exercici pressupostari.<\/p>\n[\/vc_column_text][\/vc_column][\/vc_row]\n","protected":false},"excerpt":{"rendered":"<p>[vc_row type=&#8221;in_container&#8221; full_screen_row_position=&#8221;middle&#8221; column_margin=&#8221;default&#8221; column_direction=&#8221;default&#8221; column_direction_tablet=&#8221;default&#8221; column_direction_phone=&#8221;default&#8221; scene_position=&#8221;center&#8221; text_color=&#8221;dark&#8221; text_align=&#8221;left&#8221; row_border_radius=&#8221;none&#8221; row_border_radius_applies=&#8221;bg&#8221; overflow=&#8221;visible&#8221; overlay_strength=&#8221;0.3&#8243; gradient_direction=&#8221;left_to_right&#8221; shape_divider_position=&#8221;bottom&#8221; bg_image_animation=&#8221;none&#8221;][vc_column column_padding=&#8221;no-extra-padding&#8221; column_padding_tablet=&#8221;inherit&#8221; column_padding_phone=&#8221;inherit&#8221; column_padding_position=&#8221;all&#8221; column_element_direction_desktop=&#8221;default&#8221; column_element_spacing=&#8221;default&#8221; desktop_text_alignment=&#8221;default&#8221; tablet_text_alignment=&#8221;default&#8221; phone_text_alignment=&#8221;default&#8221; background_color_opacity=&#8221;1&#8243; background_hover_color_opacity=&#8221;1&#8243; column_backdrop_filter=&#8221;none&#8221; column_shadow=&#8221;none&#8221;&#8230;<\/p>\n","protected":false},"author":2,"featured_media":0,"parent":0,"menu_order":0,"comment_status":"closed","ping_status":"closed","template":"","meta":{"footnotes":""},"class_list":["post-22276","page","type-page","status-publish"],"_links":{"self":[{"href":"https:\/\/fallas.com\/va\/wp-json\/wp\/v2\/pages\/22276","targetHints":{"allow":["GET"]}}],"collection":[{"href":"https:\/\/fallas.com\/va\/wp-json\/wp\/v2\/pages"}],"about":[{"href":"https:\/\/fallas.com\/va\/wp-json\/wp\/v2\/types\/page"}],"author":[{"embeddable":true,"href":"https:\/\/fallas.com\/va\/wp-json\/wp\/v2\/users\/2"}],"replies":[{"embeddable":true,"href":"https:\/\/fallas.com\/va\/wp-json\/wp\/v2\/comments?post=22276"}],"version-history":[{"count":0,"href":"https:\/\/fallas.com\/va\/wp-json\/wp\/v2\/pages\/22276\/revisions"}],"wp:attachment":[{"href":"https:\/\/fallas.com\/va\/wp-json\/wp\/v2\/media?parent=22276"}],"curies":[{"name":"wp","href":"https:\/\/api.w.org\/{rel}","templated":true}]}}