{"id":22289,"date":"2024-06-07T09:20:26","date_gmt":"2024-06-07T08:20:26","guid":{"rendered":"https:\/\/fallas.com\/avis-legal\/"},"modified":"2024-06-26T10:15:36","modified_gmt":"2024-06-26T09:15:36","slug":"avis-legal","status":"publish","type":"page","link":"https:\/\/fallas.com\/va\/avis-legal\/","title":{"rendered":"Av\u00eds Legal"},"content":{"rendered":"[vc_row type=&#8221;in_container&#8221; full_screen_row_position=&#8221;middle&#8221; column_margin=&#8221;default&#8221; column_direction=&#8221;default&#8221; column_direction_tablet=&#8221;default&#8221; column_direction_phone=&#8221;default&#8221; scene_position=&#8221;center&#8221; text_color=&#8221;dark&#8221; text_align=&#8221;left&#8221; row_border_radius=&#8221;none&#8221; row_border_radius_applies=&#8221;bg&#8221; overflow=&#8221;visible&#8221; overlay_strength=&#8221;0.3&#8243; gradient_direction=&#8221;left_to_right&#8221; shape_divider_position=&#8221;bottom&#8221; bg_image_animation=&#8221;none&#8221;][vc_column column_padding=&#8221;no-extra-padding&#8221; column_padding_tablet=&#8221;inherit&#8221; column_padding_phone=&#8221;inherit&#8221; column_padding_position=&#8221;all&#8221; column_element_direction_desktop=&#8221;default&#8221; column_element_spacing=&#8221;default&#8221; desktop_text_alignment=&#8221;default&#8221; tablet_text_alignment=&#8221;default&#8221; phone_text_alignment=&#8221;default&#8221; background_color_opacity=&#8221;1&#8243; background_hover_color_opacity=&#8221;1&#8243; column_backdrop_filter=&#8221;none&#8221; column_shadow=&#8221;none&#8221; column_border_radius=&#8221;none&#8221; column_link_target=&#8221;_self&#8221; column_position=&#8221;default&#8221; gradient_direction=&#8221;left_to_right&#8221; overlay_strength=&#8221;0.3&#8243; width=&#8221;1\/1&#8243; tablet_width_inherit=&#8221;default&#8221; animation_type=&#8221;default&#8221; bg_image_animation=&#8221;none&#8221; border_type=&#8221;simple&#8221; column_border_width=&#8221;none&#8221; column_border_style=&#8221;solid&#8221;][vc_column_text css=&#8221;&#8221; text_direction=&#8221;default&#8221;]\n<h1 style=\"text-align: justify;\">Avis legal<\/h1>\n<h3 style=\"text-align: justify;\">1. Titularitat del portal web.<\/h3>\n<p style=\"text-align: justify;\">Fallas.com \u00e9s un domini en internet de titularitat de Junta Central Fallera, organisme aut\u00f2nom que dep\u00e9n de l&#8217;Ajuntament de Val\u00e8ncia, amb seu i domicili social en la ciutat de Val\u00e8ncia, Avinguda de la Plata, n\u00fam. 117, CP 46006, tel. (34)963 521 730, correu electr\u00f2nic:\u00a0<span id=\"cloak71544401497f35d279fa6c0208b3590a\"><a href=\"mailto:privacitat-dpo@fallas.com\">privacitat-dpo@fallas.com<\/a><\/span><\/p>\n<h3 style=\"text-align: justify;\">2. Recomanacions d&#8217;acc\u00e9s.<\/h3>\n<p style=\"text-align: justify;\">Resoluci\u00f3 de pantalla: 1024 x 768<br \/>\nVersions dels navegadors:<br \/>\nExplorer: 7<br \/>\nFireFox: 3<\/p>\n<h3 style=\"text-align: justify;\">3. Objecte.<\/h3>\n<p style=\"text-align: justify;\">Junta Central Fallera, a trav\u00e9s del seu portal web, posa a la disposici\u00f3 dels usuaris l&#8217;acc\u00e9s a la utilitzaci\u00f3 de la informaci\u00f3 i servicis referits al seu \u00e0mbit d&#8217;actuaci\u00f3 i, si escau, proporcionats per tercers.<\/p>\n<h3 style=\"text-align: justify;\">4. Pol\u00edtica de cookies.<\/h3>\n<p style=\"text-align: justify;\">Junta Central Fallera informa sobre l&#8217;\u00fas de les cookies en les seues p\u00e0gines web. Les cookies s\u00f3n arxius que es poden descarregar en el seu equip a trav\u00e9s de les p\u00e0gines web. S\u00f3n eines que tenen un paper essencial per a la prestaci\u00f3 de nombrosos servicis de la societat de la informaci\u00f3. Entre d&#8217; altres, permeten a una p\u00e0gina web emmagatzemar i recuperar informaci\u00f3 sobre els h\u00e0bits de navegaci\u00f3 d&#8217;un usuari o del seu equip i, depenent de la informaci\u00f3 obtinguda, es poden utilitzar per a recon\u00e8ixer l&#8217;usuari i millorar el servici oferit.<\/p>\n<p style=\"text-align: justify;\">Segons qui siga l&#8217;entitat que gestione el domini des d&#8217;on s&#8217;envien les cookies i tracte les dades que s&#8217;obtinguen se&#8217;n poden distingir dos tipus: cookies pr\u00f2pies i cookies de tercers.<\/p>\n<p style=\"text-align: justify;\">Existix tamb\u00e9 una segona classificaci\u00f3 segons el termini de temps que romanen emmagatzemades en el navegador del client. Aix\u00ed, podran tractar-se de cookies de sessi\u00f3 o cookies persistents.<\/p>\n<p style=\"text-align: justify;\">Finalment, existix una altra classificaci\u00f3 amb cinc tipus de cookies segons la finalitat per a la qual es tracten les dades obtingudes: cookies t\u00e8cniques, cookies de personalitzaci\u00f3, cookies d&#8217;an\u00e0lisi, cookies publicit\u00e0ries i cookies de publicitat conductual.<\/p>\n<p style=\"text-align: justify;\">Per a m\u00e9s informaci\u00f3 referent a a\u00e7\u00f2 podeu consultar la\u00a0<a href=\"http:\/\/www.agpd.es\/portalwebAGPD\/canaldocumentacion\/publicaciones\/common\/Guias\/Guia_Cookies.pdf\" target=\"_blank\" rel=\"noopener\">Guia sobre l&#8217;\u00fas de les cookies de l&#8217;Ag\u00e8ncia Espanyola de Protecci\u00f3 de Dades<\/a>.<\/p>\n<p style=\"text-align: justify;\">M\u00e9s informaci\u00f3 en l&#8217;apartat de pol\u00edtica de cookies d&#8217;este portal web.<\/p>\n<h3 style=\"text-align: justify;\">5. Termes i condicions d&#8217;\u00fas.<\/h3>\n<p style=\"text-align: justify;\">Es considera usuari d&#8217;este portal web qualsevol que hi accedisca i l&#8217;utilitze. La condici\u00f3 d&#8217;usuari comporta l&#8217;acceptaci\u00f3 total de les condicions establides en este av\u00eds legal i de les especials que puguen establir-se per a determinats servicis i utilitats. Els usuaris adquirixen el comprom\u00eds d&#8217;ajustar la seua actuaci\u00f3 a les condicions esmentades i a observar el que disposa la normativa legal, aix\u00ed com les instruccions i avisos que es posen en el seu coneixement.<\/p>\n<p style=\"text-align: justify;\">Quan siga necess\u00e0ria la utilitzaci\u00f3 d&#8217;una contrasenya o nom d&#8217;usuari per a accedir a algun contingut o servici d&#8217;este portal web, l&#8217;usuari queda obligat a mantindre&#8217;ls en secret i a fer-ne un \u00fas diligent. En cas de p\u00e8rdua o utilitzaci\u00f3 negligent de la contrasenya, l&#8217;usuari respondr\u00e0 de la utilitzaci\u00f3 que hagen pogut fer-ne terceres persones.<\/p>\n<p style=\"text-align: justify;\"><strong>Informaci\u00f3 actualitzada i de qualitat<\/strong><\/p>\n<p style=\"text-align: justify;\">Junta Central Fallera, a trav\u00e9s del seu portal web, facilita informaci\u00f3 d&#8217;inter\u00e9s general de les falles de Val\u00e8ncia i cultura festiva i, especialment, informaci\u00f3 i gestions pr\u00f2pies de l&#8217;organitzaci\u00f3 de Junta Central Fallera i les falles. La informaci\u00f3 facilitada \u00e9s la vigent en el moment de la publicaci\u00f3. Junta Central Fallera procura que esta informaci\u00f3 siga exacta i precisa, i l&#8217;actualitza amb la m\u00e0xima celeritat possible, tractant d&#8217;evitar errors i corregint-los tan prompte com els detecta. No obstant a\u00e7\u00f2, Junta Central Fallera no pot garantir la inexist\u00e8ncia d&#8217;errors ni que el contingut de la informaci\u00f3 es trobe permanentment actualitzat.<\/p>\n<p style=\"text-align: justify;\">Junta Central Fallera podr\u00e0 efectuar, en qualsevol moment i sense necessitat de previ av\u00eds, modificacions, supressions o actualitzacions de la informaci\u00f3 publicada o podr\u00e0 canviar-ne la configuraci\u00f3 o presentaci\u00f3.<\/p>\n<p style=\"text-align: justify;\">L&#8217;acc\u00e9s al portal Web, aix\u00ed com l&#8217;\u00fas de la informaci\u00f3 que cont\u00e9, s\u00f3n responsabilitat exclusiva de l&#8217;usuari. Junta Central Fallera no \u00e9s responsable de cap perjudici que poguera derivar-se d&#8217;eixos fets, ni tampoc pot garantir que l&#8217;acc\u00e9s no es veja interromput o que el contingut o programari al qual es puga accedir estiga lliure d&#8217;error o de causar dany.<\/p>\n<p style=\"text-align: justify;\">La propietat intel\u00b7lectual del contingut, informaci\u00f3, gr\u00e0fics, disseny, multim\u00e8dia, aplicacions, productes, servicis i qualsevol altre material d&#8217;este portal web \u00e9s de la Junta Central Fallera, llevat que s&#8217;especifique el contrari. En queda, per tant, prohibida la c\u00f2pia, reproducci\u00f3, distribuci\u00f3, publicaci\u00f3, desc\u00e0rrega, exhibici\u00f3 o transmissi\u00f3 en qualsevol format o mitj\u00e0, incloent mitjans electr\u00f2nics, mec\u00e0nics, reprogr\u00e0fics, d&#8217;enregistrament o qualsevol altre, sense el perm\u00eds previ per escrit de la Junta Central Fallera i, si escau, del propietari del copyright o drets d&#8217;autor. Qualsevol \u00fas no autoritzat de materials continguts en esta web pot vulnerar lleis de copyright, de registre de marques, de drets de propietat intel\u00b7lectual, de privacitat, publicitat, i la resta de legislaci\u00f3 sobre comunicaci\u00f3.<\/p>\n<p style=\"text-align: justify;\">Queda prohibida la utilitzaci\u00f3 dels continguts d&#8217;este portal web amb finalitats comercials o publicit\u00e0ries.<\/p>\n<p style=\"text-align: justify;\">Els dissenys gr\u00e0fics i les informacions i codis que cont\u00e9 s\u00f3n de titularitat de Junta Central Fallera, excepte indicaci\u00f3 expressa d&#8217;una titularitat diferent, i estan protegits per la legislaci\u00f3 sobre propietat intel\u00b7lectual.<\/p>\n<p style=\"text-align: justify;\">Els usuaris d&#8217;internet que accedisquen a este portal web poden visualitzar la informaci\u00f3 que cont\u00e9 i efectuar desc\u00e0rregues o reproduccions privades en el seu sistema inform\u00e0tic; no obstant a\u00e7\u00f2, esta autoritzaci\u00f3 no arriba a la cessi\u00f3 posterior a tercers dels elements reprodu\u00efts ni a la instal\u00b7laci\u00f3 en un servidor connectat a Internet o a una xarxa local. Queda absolutament prohibida la distribuci\u00f3, modificaci\u00f3, alteraci\u00f3, cessi\u00f3, comunicaci\u00f3 p\u00fablica i qualsevol altre acte que no siga expressament autoritzat per la Junta Central Fallera. Junta Central Fallera no \u00e9s responsable dels continguts situats fora del seu web, en els llocs web de tercers, als quals es puga accedir per mitj\u00e0 d&#8217;enlla\u00e7os situats en el lloc web de Junta Central Fallera. Informem que els enlla\u00e7os que apareixen en el seu web tan sols constitu\u00efxen una informaci\u00f3 a l&#8217;usuari sobre l&#8217;exist\u00e8ncia d&#8217;altres fonts d&#8217;informaci\u00f3 i servicis en internet sobre les mat\u00e8ries a les quals es referixen, on el visitant podr\u00e0, en tot cas, ampliar o complementar les dades oferides en este web. Advertim expressament que a\u00e7\u00f2 no suposa un suggeriment, invitaci\u00f3 o recomanaci\u00f3 a visitar els llocs esmentats, per tant, es declina tota la responsabilitat relativa al resultat obtingut a trav\u00e9s dels enlla\u00e7os hipertextuals; en particular, el visitant declara con\u00e9ixer que Junta Central Fallera no garantix de cap manera les condicions o la correcta prestaci\u00f3 dels servicis o la qualitat dels productes oferits a l&#8217;usuari per un tercer.<\/p>\n<p style=\"text-align: justify;\">En el cas d&#8217;espais d&#8217;opini\u00f3 o f\u00f2rums oberts en les seues p\u00e0gines web, Junta Central Fallera no s&#8217;obliga a controlar les opinions o informacions expressades pels usuaris, per\u00f2 es reserva el dret a eliminar aquelles que puguen resultar contr\u00e0ries a la legalitat vigent, especialment quan impliquen una vulneraci\u00f3 dels drets i llibertats fonamentals, als bons usos i a estos termes i condicions. Junta Central Fallera no ser\u00e0 responsable de possibles danys o perjudicis que es pogueren derivar d&#8217;omissions, interfer\u00e8ncies, interrupcions, desconnexions o avaries en el funcionament operatiu d&#8217;este sistema electr\u00f2nic, motivades per causes alienes a Junta Central Fallera, o com a conseq\u00fc\u00e8ncia d&#8217;ajustos o problemes t\u00e8cnics propis; aix\u00ed com tampoc de danys que puguen ser causats per virus inform\u00e0tics i per terceres persones per mitj\u00e0 d&#8217;intromissions il\u00b7leg\u00edtimes fora del control de Junta Central Fallera.<\/p>\n<p style=\"text-align: justify;\">La informaci\u00f3 proporcionada en resposta a qualsevol consulta o petici\u00f3 d&#8217;informaci\u00f3 t\u00e9 car\u00e0cter merament orientatiu i en cap cas resultar\u00e0 vinculant per a la resoluci\u00f3 dels procediments administratius, els quals es troben estrictament subjectes a les normes legals o reglament\u00e0ries que els siguen aplicables.<\/p>\n<p style=\"text-align: justify;\">En els continguts publicats s&#8217;inclouen enlla\u00e7os a p\u00e0gines de llocs web de tercers, fonamentalment d&#8217;altres administracions p\u00fabliques, que es considera que poden ser d&#8217;inter\u00e8s per als usuaris. Junta Central Fallera no assumix cap responsabilitat derivada de les connexions o dels continguts d&#8217;eixos enlla\u00e7os.<\/p>\n<h3 style=\"text-align: justify;\">6. Pol\u00edtica de privacitat.<\/h3>\n<p style=\"text-align: justify;\">Les directrius seguides per Junta Central Fallera en mat\u00e8ria de protecci\u00f3 de dades de car\u00e0cter personal s\u00f3n les que s&#8217;exposen en l&#8217;apartat de pol\u00edtica de privacitat d&#8217;este portal web.<\/p>\n<p style=\"text-align: justify;\"><strong>Junta Central Fallera<\/strong>es reserva el dret de modificar els termes i condicions establits en este av\u00eds legal.<\/p>\n[\/vc_column_text][\/vc_column][\/vc_row]\n","protected":false},"excerpt":{"rendered":"<p>[vc_row type=&#8221;in_container&#8221; full_screen_row_position=&#8221;middle&#8221; column_margin=&#8221;default&#8221; column_direction=&#8221;default&#8221; column_direction_tablet=&#8221;default&#8221; column_direction_phone=&#8221;default&#8221; scene_position=&#8221;center&#8221; text_color=&#8221;dark&#8221; text_align=&#8221;left&#8221; row_border_radius=&#8221;none&#8221; row_border_radius_applies=&#8221;bg&#8221; overflow=&#8221;visible&#8221; overlay_strength=&#8221;0.3&#8243; gradient_direction=&#8221;left_to_right&#8221; shape_divider_position=&#8221;bottom&#8221; bg_image_animation=&#8221;none&#8221;][vc_column column_padding=&#8221;no-extra-padding&#8221; column_padding_tablet=&#8221;inherit&#8221; column_padding_phone=&#8221;inherit&#8221; column_padding_position=&#8221;all&#8221; column_element_direction_desktop=&#8221;default&#8221; column_element_spacing=&#8221;default&#8221; desktop_text_alignment=&#8221;default&#8221; tablet_text_alignment=&#8221;default&#8221; phone_text_alignment=&#8221;default&#8221; background_color_opacity=&#8221;1&#8243; background_hover_color_opacity=&#8221;1&#8243; column_backdrop_filter=&#8221;none&#8221; column_shadow=&#8221;none&#8221;&#8230;<\/p>\n","protected":false},"author":2,"featured_media":0,"parent":0,"menu_order":0,"comment_status":"closed","ping_status":"closed","template":"","meta":{"footnotes":""},"class_list":["post-22289","page","type-page","status-publish"],"_links":{"self":[{"href":"https:\/\/fallas.com\/va\/wp-json\/wp\/v2\/pages\/22289","targetHints":{"allow":["GET"]}}],"collection":[{"href":"https:\/\/fallas.com\/va\/wp-json\/wp\/v2\/pages"}],"about":[{"href":"https:\/\/fallas.com\/va\/wp-json\/wp\/v2\/types\/page"}],"author":[{"embeddable":true,"href":"https:\/\/fallas.com\/va\/wp-json\/wp\/v2\/users\/2"}],"replies":[{"embeddable":true,"href":"https:\/\/fallas.com\/va\/wp-json\/wp\/v2\/comments?post=22289"}],"version-history":[{"count":0,"href":"https:\/\/fallas.com\/va\/wp-json\/wp\/v2\/pages\/22289\/revisions"}],"wp:attachment":[{"href":"https:\/\/fallas.com\/va\/wp-json\/wp\/v2\/media?parent=22289"}],"curies":[{"name":"wp","href":"https:\/\/api.w.org\/{rel}","templated":true}]}}